{"id":3201,"date":"2026-04-10T15:39:41","date_gmt":"2026-04-10T13:39:41","guid":{"rendered":"https:\/\/www.francemobil.fr\/?page_id=3201"},"modified":"2026-04-10T16:03:41","modified_gmt":"2026-04-10T14:03:41","slug":"accessibilite","status":"publish","type":"page","link":"https:\/\/www.francemobil.fr\/fr\/accessibilite\/","title":{"rendered":"Accessibilit\u00e9"},"content":{"rendered":"<style>.wp-block-kadence-advancedheading.kt-adv-heading3201_9b305b-6d_0, .wp-block-kadence-advancedheading.kt-adv-heading3201_9b305b-6d_0[data-kb-block=\"kb-adv-heading3201_9b305b-6d_0\"]{font-style:normal;}.wp-block-kadence-advancedheading.kt-adv-heading3201_9b305b-6d_0 mark.kt-highlight, .wp-block-kadence-advancedheading.kt-adv-heading3201_9b305b-6d_0[data-kb-block=\"kb-adv-heading3201_9b305b-6d_0\"] mark.kt-highlight{font-style:normal;color:#f76a0c;-webkit-box-decoration-break:clone;box-decoration-break:clone;padding-top:0px;padding-right:0px;padding-bottom:0px;padding-left:0px;}.wp-block-kadence-advancedheading.kt-adv-heading3201_9b305b-6d_0 img.kb-inline-image, .wp-block-kadence-advancedheading.kt-adv-heading3201_9b305b-6d_0[data-kb-block=\"kb-adv-heading3201_9b305b-6d_0\"] img.kb-inline-image{width:150px;vertical-align:baseline;}<\/style>\n<h1 class=\"kt-adv-heading3201_9b305b-6d_0 wp-block-kadence-advancedheading\" data-kb-block=\"kb-adv-heading3201_9b305b-6d_0\">L&rsquo;accessibilit\u00e9 num\u00e9rique du site Francemobil<\/h1>\n\n\n\n<p>Francemobil s\u2019engage \u00e0 rendre ses sites internet, intranet, extranet conform\u00e9ment \u00e0 l\u2019article 47 de la loi n\u00b02005-102 du 11 f\u00e9vrier 2005.<\/p>\n\n\n<style>.wp-block-kadence-advancedheading.kt-adv-heading3201_ccd261-28, .wp-block-kadence-advancedheading.kt-adv-heading3201_ccd261-28[data-kb-block=\"kb-adv-heading3201_ccd261-28\"]{font-style:normal;}.wp-block-kadence-advancedheading.kt-adv-heading3201_ccd261-28 mark.kt-highlight, .wp-block-kadence-advancedheading.kt-adv-heading3201_ccd261-28[data-kb-block=\"kb-adv-heading3201_ccd261-28\"] mark.kt-highlight{font-style:normal;color:#f76a0c;-webkit-box-decoration-break:clone;box-decoration-break:clone;padding-top:0px;padding-right:0px;padding-bottom:0px;padding-left:0px;}.wp-block-kadence-advancedheading.kt-adv-heading3201_ccd261-28 img.kb-inline-image, .wp-block-kadence-advancedheading.kt-adv-heading3201_ccd261-28[data-kb-block=\"kb-adv-heading3201_ccd261-28\"] img.kb-inline-image{width:150px;vertical-align:baseline;}<\/style>\n<h2 class=\"kt-adv-heading3201_ccd261-28 wp-block-kadence-advancedheading\" data-kb-block=\"kb-adv-heading3201_ccd261-28\">\u00c9tat de conformit\u00e9<\/h2>\n\n\n\n<p>Francemobil (<a href=\"https:\/\/www.francemobil.fr\/fr\/rejoindre-francemobil\/faq\/\">FranceMobil<\/a>)\u00a0est\u00a0partiellement conforme avec le r\u00e9f\u00e9rentiel g\u00e9n\u00e9ral d\u2019am\u00e9lioration de l\u2019accessibilit\u00e9 (RGAA).<\/p>\n\n\n<style>.wp-block-kadence-advancedheading.kt-adv-heading3201_779576-37, .wp-block-kadence-advancedheading.kt-adv-heading3201_779576-37[data-kb-block=\"kb-adv-heading3201_779576-37\"]{font-style:normal;}.wp-block-kadence-advancedheading.kt-adv-heading3201_779576-37 mark.kt-highlight, .wp-block-kadence-advancedheading.kt-adv-heading3201_779576-37[data-kb-block=\"kb-adv-heading3201_779576-37\"] mark.kt-highlight{font-style:normal;color:#f76a0c;-webkit-box-decoration-break:clone;box-decoration-break:clone;padding-top:0px;padding-right:0px;padding-bottom:0px;padding-left:0px;}.wp-block-kadence-advancedheading.kt-adv-heading3201_779576-37 img.kb-inline-image, .wp-block-kadence-advancedheading.kt-adv-heading3201_779576-37[data-kb-block=\"kb-adv-heading3201_779576-37\"] img.kb-inline-image{width:150px;vertical-align:baseline;}<\/style>\n<h2 class=\"kt-adv-heading3201_779576-37 wp-block-kadence-advancedheading\" data-kb-block=\"kb-adv-heading3201_779576-37\">R\u00e9sultats des tests<\/h2>\n\n\n\n<p>L\u2019audit de conformit\u00e9 r\u00e9alis\u00e9 par&nbsp;Weitblick&nbsp;r\u00e9v\u00e8le que&nbsp;:<\/p>\n\n\n\n<ul class=\"wp-block-list\">\n<li>68,4 % des crit\u00e8res du RGAA version 4 sont respect\u00e9s.<\/li>\n<\/ul>\n\n\n<style>.wp-block-kadence-advancedheading.kt-adv-heading3201_207838-17, .wp-block-kadence-advancedheading.kt-adv-heading3201_207838-17[data-kb-block=\"kb-adv-heading3201_207838-17\"]{font-style:normal;}.wp-block-kadence-advancedheading.kt-adv-heading3201_207838-17 mark.kt-highlight, .wp-block-kadence-advancedheading.kt-adv-heading3201_207838-17[data-kb-block=\"kb-adv-heading3201_207838-17\"] mark.kt-highlight{font-style:normal;color:#f76a0c;-webkit-box-decoration-break:clone;box-decoration-break:clone;padding-top:0px;padding-right:0px;padding-bottom:0px;padding-left:0px;}.wp-block-kadence-advancedheading.kt-adv-heading3201_207838-17 img.kb-inline-image, .wp-block-kadence-advancedheading.kt-adv-heading3201_207838-17[data-kb-block=\"kb-adv-heading3201_207838-17\"] img.kb-inline-image{width:150px;vertical-align:baseline;}<\/style>\n<h2 class=\"kt-adv-heading3201_207838-17 wp-block-kadence-advancedheading\" data-kb-block=\"kb-adv-heading3201_207838-17\">\u00c9tablissement de cette d\u00e9claration d\u2019accessibilit\u00e9<\/h2>\n\n\n\n<p>Cette d\u00e9claration a \u00e9t\u00e9 \u00e9tablie le&nbsp;22\/10\/2025.<\/p>\n\n\n<style>.wp-block-kadence-advancedheading.kt-adv-heading3201_1c1311-75, .wp-block-kadence-advancedheading.kt-adv-heading3201_1c1311-75[data-kb-block=\"kb-adv-heading3201_1c1311-75\"]{font-style:normal;}.wp-block-kadence-advancedheading.kt-adv-heading3201_1c1311-75 mark.kt-highlight, .wp-block-kadence-advancedheading.kt-adv-heading3201_1c1311-75[data-kb-block=\"kb-adv-heading3201_1c1311-75\"] mark.kt-highlight{font-style:normal;color:#f76a0c;-webkit-box-decoration-break:clone;box-decoration-break:clone;padding-top:0px;padding-right:0px;padding-bottom:0px;padding-left:0px;}.wp-block-kadence-advancedheading.kt-adv-heading3201_1c1311-75 img.kb-inline-image, .wp-block-kadence-advancedheading.kt-adv-heading3201_1c1311-75[data-kb-block=\"kb-adv-heading3201_1c1311-75\"] img.kb-inline-image{width:150px;vertical-align:baseline;}<\/style>\n<h2 class=\"kt-adv-heading3201_1c1311-75 wp-block-kadence-advancedheading\" data-kb-block=\"kb-adv-heading3201_1c1311-75\">Les v\u00e9rifications de restitution de contenus ont \u00e9t\u00e9 r\u00e9alis\u00e9es avec les configurations suivantes :<\/h2>\n\n\n\n<ul class=\"wp-block-list\">\n<li>Firefox et NVDA ;<\/li>\n\n\n\n<li>Safari et VoiceOver ;<\/li>\n\n\n\n<li>Firefox et Jaws.<\/li>\n<\/ul>\n\n\n<style>.wp-block-kadence-advancedheading.kt-adv-heading3201_d7a5d8-c5, .wp-block-kadence-advancedheading.kt-adv-heading3201_d7a5d8-c5[data-kb-block=\"kb-adv-heading3201_d7a5d8-c5\"]{font-style:normal;}.wp-block-kadence-advancedheading.kt-adv-heading3201_d7a5d8-c5 mark.kt-highlight, .wp-block-kadence-advancedheading.kt-adv-heading3201_d7a5d8-c5[data-kb-block=\"kb-adv-heading3201_d7a5d8-c5\"] mark.kt-highlight{font-style:normal;color:#f76a0c;-webkit-box-decoration-break:clone;box-decoration-break:clone;padding-top:0px;padding-right:0px;padding-bottom:0px;padding-left:0px;}.wp-block-kadence-advancedheading.kt-adv-heading3201_d7a5d8-c5 img.kb-inline-image, .wp-block-kadence-advancedheading.kt-adv-heading3201_d7a5d8-c5[data-kb-block=\"kb-adv-heading3201_d7a5d8-c5\"] img.kb-inline-image{width:150px;vertical-align:baseline;}<\/style>\n<h2 class=\"kt-adv-heading3201_d7a5d8-c5 wp-block-kadence-advancedheading\" data-kb-block=\"kb-adv-heading3201_d7a5d8-c5\">Technologies utilis\u00e9es pour la r\u00e9alisation du site<\/h2>\n\n\n\n<ul class=\"wp-block-list\">\n<li>Colour Contrast Analyser ;<\/li>\n\n\n\n<li>Extension \u00ab Web Developer \u00bb ;<\/li>\n\n\n\n<li>Extension \u00ab Assistant RGAA \u00bb ;<\/li>\n\n\n\n<li>Extension \u00ab WCAG Contrast checker \u00bb ;<\/li>\n\n\n\n<li>Extension \u00ab ARC Toolkit \u00bb ;<\/li>\n\n\n\n<li>Extension \u00ab HeadingsMap \u00bb ;<\/li>\n\n\n\n<li>Outils pour d\u00e9veloppeurs int\u00e9gr\u00e9s au navigateur Firefox ;<\/li>\n\n\n\n<li>Validateur HTML du W3C.<\/li>\n<\/ul>\n\n\n<style>.wp-block-kadence-advancedheading.kt-adv-heading3201_4509e0-ef, .wp-block-kadence-advancedheading.kt-adv-heading3201_4509e0-ef[data-kb-block=\"kb-adv-heading3201_4509e0-ef\"]{font-style:normal;}.wp-block-kadence-advancedheading.kt-adv-heading3201_4509e0-ef mark.kt-highlight, .wp-block-kadence-advancedheading.kt-adv-heading3201_4509e0-ef[data-kb-block=\"kb-adv-heading3201_4509e0-ef\"] mark.kt-highlight{font-style:normal;color:#f76a0c;-webkit-box-decoration-break:clone;box-decoration-break:clone;padding-top:0px;padding-right:0px;padding-bottom:0px;padding-left:0px;}.wp-block-kadence-advancedheading.kt-adv-heading3201_4509e0-ef img.kb-inline-image, .wp-block-kadence-advancedheading.kt-adv-heading3201_4509e0-ef[data-kb-block=\"kb-adv-heading3201_4509e0-ef\"] img.kb-inline-image{width:150px;vertical-align:baseline;}<\/style>\n<h2 class=\"kt-adv-heading3201_4509e0-ef wp-block-kadence-advancedheading\" data-kb-block=\"kb-adv-heading3201_4509e0-ef\"><strong>Pages du site ayant fait l\u2019objet de la <\/strong>v\u00e9rification<strong> de conformit\u00e9<\/strong><\/h2>\n\n\n\n<ul class=\"wp-block-list\">\n<li><a href=\"https:\/\/www.francemobil.fr\/fr\/\">FranceMobil<\/a><\/li>\n\n\n\n<li><a href=\"https:\/\/www.francemobil.fr\/fr\/programme\/\">Le programme | FranceMobil<\/a><\/li>\n\n\n\n<li><a href=\"https:\/\/www.francemobil.fr\/fr\/demande-danimation\/\">Demande d&rsquo;animation | FranceMobil<\/a><\/li>\n\n\n\n<li><a href=\"https:\/\/www.francemobil.fr\/fr\/rejoindre-francemobil\/\">Rejoindre FranceMobil | FranceMobil<\/a><\/li>\n\n\n\n<li><a href=\"https:\/\/www.francemobil.fr\/fr\/news\/\">Actualit\u00e9s | FranceMobil<\/a><\/li>\n\n\n\n<li><a href=\"https:\/\/www.francemobil.fr\/fr\/devenir-partenaire\/\">Devenir partenaire | FranceMobil<\/a><\/li>\n<\/ul>\n\n\n<style>.wp-block-kadence-advancedheading.kt-adv-heading3201_479107-00, .wp-block-kadence-advancedheading.kt-adv-heading3201_479107-00[data-kb-block=\"kb-adv-heading3201_479107-00\"]{font-style:normal;}.wp-block-kadence-advancedheading.kt-adv-heading3201_479107-00 mark.kt-highlight, .wp-block-kadence-advancedheading.kt-adv-heading3201_479107-00[data-kb-block=\"kb-adv-heading3201_479107-00\"] mark.kt-highlight{font-style:normal;color:#f76a0c;-webkit-box-decoration-break:clone;box-decoration-break:clone;padding-top:0px;padding-right:0px;padding-bottom:0px;padding-left:0px;}.wp-block-kadence-advancedheading.kt-adv-heading3201_479107-00 img.kb-inline-image, .wp-block-kadence-advancedheading.kt-adv-heading3201_479107-00[data-kb-block=\"kb-adv-heading3201_479107-00\"] img.kb-inline-image{width:150px;vertical-align:baseline;}<\/style>\n<h2 class=\"kt-adv-heading3201_479107-00 wp-block-kadence-advancedheading\" data-kb-block=\"kb-adv-heading3201_479107-00\">Retour d\u2019information et contact<\/h2>\n\n\n\n<p>Si vous n\u2019arrivez pas \u00e0 acc\u00e9der \u00e0 un contenu ou \u00e0 un service, vous pouvez contacter le responsable du site pour \u00eatre orient\u00e9 vers une alternative accessible ou obtenir le contenu sous une autre forme.<\/p>\n\n\n\n<ul class=\"wp-block-list\">\n<li>Contacter&nbsp;: Langenfeld&nbsp;Michael (<a href=\"mailto:webmaster@ofaj.org\">webmaster@ofaj.org<\/a>)<\/li>\n<\/ul>\n\n\n<style>.wp-block-kadence-advancedheading.kt-adv-heading3201_9d72e3-96, .wp-block-kadence-advancedheading.kt-adv-heading3201_9d72e3-96[data-kb-block=\"kb-adv-heading3201_9d72e3-96\"]{font-style:normal;}.wp-block-kadence-advancedheading.kt-adv-heading3201_9d72e3-96 mark.kt-highlight, .wp-block-kadence-advancedheading.kt-adv-heading3201_9d72e3-96[data-kb-block=\"kb-adv-heading3201_9d72e3-96\"] mark.kt-highlight{font-style:normal;color:#f76a0c;-webkit-box-decoration-break:clone;box-decoration-break:clone;padding-top:0px;padding-right:0px;padding-bottom:0px;padding-left:0px;}.wp-block-kadence-advancedheading.kt-adv-heading3201_9d72e3-96 img.kb-inline-image, .wp-block-kadence-advancedheading.kt-adv-heading3201_9d72e3-96[data-kb-block=\"kb-adv-heading3201_9d72e3-96\"] img.kb-inline-image{width:150px;vertical-align:baseline;}<\/style>\n<h2 class=\"kt-adv-heading3201_9d72e3-96 wp-block-kadence-advancedheading\" data-kb-block=\"kb-adv-heading3201_9d72e3-96\">Voies de recours<\/h2>\n\n\n\n<p>Si vous constatez un d\u00e9faut d\u2019accessibilit\u00e9 vous emp\u00eachant d\u2019acc\u00e9der \u00e0 un contenu ou une fonctionnalit\u00e9 du site, que vous nous le signalez et que vous ne parvenez pas \u00e0 obtenir une r\u00e9ponse de notre part, vous \u00eates en droit de faire parvenir vos dol\u00e9ances ou une demande de saisine au D\u00e9fenseur des droits.<\/p>\n\n\n\n<p>Plusieurs moyens sont \u00e0 votre disposition&nbsp;:<\/p>\n\n\n\n<ul class=\"wp-block-list\">\n<li>\u00c9crire un message au D\u00e9fenseur des droits&nbsp;<a href=\"https:\/\/formulaire.defenseurdesdroits.fr\/\" target=\"_blank\" rel=\"noopener noreferrer nofollow\">via le formulaire de contact<\/a><\/li>\n\n\n\n<li>Contacter le d\u00e9l\u00e9gu\u00e9 du D\u00e9fenseur des droits dans votre r\u00e9gion&nbsp;: <a href=\"https:\/\/www.defenseurdesdroits.fr\/carte-des-delegues\" target=\"_blank\" rel=\"noopener noreferrer nofollow\">Annuaire des d\u00e9l\u00e9gu\u00e9s | D\u00e9fenseur des Droits<\/a><\/li>\n\n\n\n<li>Envoyer un courrier par la poste (gratuit, ne pas mettre de timbre)&nbsp;D\u00e9fenseur des droits Libre r\u00e9ponse 71120 75342 Paris CEDEX 07&nbsp;<\/li>\n\n\n\n<li>Contacter le D\u00e9fenseur des droits par t\u00e9l\u00e9phone : 09 69 39 00 00<\/li>\n<\/ul>\n","protected":false},"excerpt":{"rendered":"<p>L&rsquo;accessibilit\u00e9 num\u00e9rique du site Francemobil Francemobil s\u2019engage \u00e0 rendre ses sites internet, intranet, extranet conform\u00e9ment \u00e0 l\u2019article 47 de la loi n\u00b02005-102 du 11 f\u00e9vrier 2005. \u00c9tat de conformit\u00e9 Francemobil (FranceMobil)\u00a0est\u00a0partiellement conforme avec&#8230;<\/p>\n","protected":false},"author":2,"featured_media":0,"parent":0,"menu_order":24,"comment_status":"closed","ping_status":"closed","template":"","meta":{"_acf_changed":false,"_kad_blocks_custom_css":"","_kad_blocks_head_custom_js":"","_kad_blocks_body_custom_js":"","_kad_blocks_footer_custom_js":"","_kad_post_transparent":"","_kad_post_title":"","_kad_post_layout":"right","_kad_post_sidebar_id":"","_kad_post_content_style":"","_kad_post_vertical_padding":"","_kad_post_feature":"","_kad_post_feature_position":"","_kad_post_header":false,"_kad_post_footer":false,"_kad_post_classname":"","iawp_total_views":0,"footnotes":"","css_class_manager_body_classes":"","css_class_manager_use_in_post_loop":false},"class_list":["post-3201","page","type-page","status-publish","hentry"],"acf":[],"taxonomy_info":[],"featured_image_src_large":false,"author_info":{"display_name":"tbaldes","author_link":"https:\/\/www.francemobil.fr\/fr\/news\/author\/5f0b7549b2915373\/"},"comment_info":0,"_links":{"self":[{"href":"https:\/\/www.francemobil.fr\/fr\/wp-json\/wp\/v2\/pages\/3201","targetHints":{"allow":["GET"]}}],"collection":[{"href":"https:\/\/www.francemobil.fr\/fr\/wp-json\/wp\/v2\/pages"}],"about":[{"href":"https:\/\/www.francemobil.fr\/fr\/wp-json\/wp\/v2\/types\/page"}],"author":[{"embeddable":true,"href":"https:\/\/www.francemobil.fr\/fr\/wp-json\/wp\/v2\/users\/2"}],"replies":[{"embeddable":true,"href":"https:\/\/www.francemobil.fr\/fr\/wp-json\/wp\/v2\/comments?post=3201"}],"version-history":[{"count":4,"href":"https:\/\/www.francemobil.fr\/fr\/wp-json\/wp\/v2\/pages\/3201\/revisions"}],"predecessor-version":[{"id":3212,"href":"https:\/\/www.francemobil.fr\/fr\/wp-json\/wp\/v2\/pages\/3201\/revisions\/3212"}],"wp:attachment":[{"href":"https:\/\/www.francemobil.fr\/fr\/wp-json\/wp\/v2\/media?parent=3201"}],"curies":[{"name":"wp","href":"https:\/\/api.w.org\/{rel}","templated":true}]}}