{"id":2053,"date":"2024-10-17T12:50:50","date_gmt":"2024-10-17T10:50:50","guid":{"rendered":"https:\/\/www.francemobil.fr\/?page_id=2053"},"modified":"2025-10-17T11:13:58","modified_gmt":"2025-10-17T09:13:58","slug":"mentions-legales","status":"publish","type":"page","link":"https:\/\/www.francemobil.fr\/fr\/mentions-legales\/","title":{"rendered":"Mentions l\u00e9gales"},"content":{"rendered":"\n<h1 class=\"wp-block-heading\">Mentions l\u00e9gales<\/h1>\n\n\n\n<p>FranceMobil est propos\u00e9 par l\u2019Office franco-allemand pour la Jeunesse (OFAJ) en \u00e9troite coop\u00e9ration avec l\u2019Ambassade de France\/Institut fran\u00e7ais en Allemagne et avec le soutien de la Robert Bosch Stiftung, Renault Deutschland, l\u2019Institut franco-allemand d\u2019Erlangen et les \u00e9ditions Ernst Klett Verlag. Le Land de la Hesse apporte \u00e9galement une participation financi\u00e8re \u00e0 FranceMobil.<\/p>\n\n\n\n<p><strong>R\u00e9daction\u00a0:<\/strong><br> Ambassade de France\/Institut fran\u00e7ais Deutschland<br> Alice Paska<br> alice.paska@institutfrancais.de<br> Pariser Platz 5<br> D-10117 Berlin<\/p>\n\n\n\n<p>Office franco-allemand pour la jeunesse<br>Sofia Terhalle<br>francemobil@ofaj.org <br>+33 01 40 78 18 33 51<br>51 rue de l\u2019Amiral Mouchez<br>75013 Paris<\/p>\n\n\n\n<p><strong>Responsable des contenus de la publication&nbsp;:<\/strong><br>\nOffice franco-allemand pour la Jeunesse (OFAJ)<br>\n51, rue de l\u2019Amiral-Mouchez<br>\nF-75013 Paris<br>\nrepr\u00e9sent\u00e9 par Anne Tallineau et Tobias B\u00fctow, Secr\u00e9taires g\u00e9n\u00e9raux de l\u2019OFAJ<\/p>\n\n\n\n<p><strong>R\u00e9alisation&nbsp;:<\/strong><br><a href=\"https:\/\/medienfreunde.de\" target=\"_blank\" rel=\"noreferrer noopener\">Digitalagentur Medienfreunde<\/a><\/p>\n\n\n\n<p><strong>H\u00e9bergeur:<\/strong><br>Ecritel<br>51 rue le Peletier<br>75009 Paris<br>+33 (0)1&nbsp;40&nbsp;61&nbsp;20&nbsp;00<br>www.ecritel.fr<\/p>\n\n\n\n<h2 class=\"wp-block-heading\">Propri\u00e9t\u00e9 intellectuelle<\/h2>\n\n\n\n<p>Toute reproduction ou distribution non autoris\u00e9e de tout ou partie des \u00e9l\u00e9ments et informations de ce site est interdite. Le contenu est disponible pour un usage priv\u00e9 et non collectif. Le code de la propri\u00e9t\u00e9 intellectuelle n\u2019autorisant, aux termes de l\u2019article L. 122-5.2\u00b0 et 3\u00b0a, d\u2019une part, que les \u201ccopies ou reproductions strictement r\u00e9serv\u00e9es \u00e0 l\u2019usage priv\u00e9 du copiste et non destin\u00e9es \u00e0 une utilisation collective\u201d et, d\u2019autre part, que les analyses et les courtes citations dans un but d\u2019exemple et d\u2019illustration, \u201ctoute repr\u00e9sentation ou reproduction int\u00e9grale ou partielle faite sans le consentement de l\u2019auteur ou de ses ayants droit ou ayants cause est illicite\u201d (art. L. 122-4 code de la propri\u00e9t\u00e9 intellectuelle). Cette repr\u00e9sentation ou reproduction, par quelque proc\u00e9d\u00e9 que ce soit constituerait donc une contrefa\u00e7on sanctionn\u00e9e par les articles L. 335-2 et suivants du code de la propri\u00e9t\u00e9 intellectuelle.<\/p>\n\n\n\n<h2 class=\"wp-block-heading\">Marques et logos, liens hypertextes<\/h2>\n\n\n\n<p>Toute utilisation quelle qu\u2019elle soit des noms de marques et logos de ce site est interdite sans autorisation pr\u00e9alable de l\u2019OFAJ. De m\u00eame tout lien hypertexte visant ce site est soumis \u00e0 autorisation pr\u00e9alable.<\/p>\n\n\n\n<h2 class=\"wp-block-heading\">Exploitation des informations.<\/h2>\n\n\n\n<p>Malgr\u00e9 le soin apport\u00e9 au traitement des informations, l\u2019OFAJ d\u00e9cline toute responsabilit\u00e9 concernant les erreurs ou omissions portant sur les informations diffus\u00e9es sur ce site. L\u2019OFAJ ne peut \u00eatre tenu responsable de l\u2019interpr\u00e9tation des informations contenues dans ce site, ni des cons\u00e9quences de leur utilisation.<\/p>\n\n\n\n<h2 class=\"wp-block-heading\">Limitation de responsabilit\u00e9<\/h2>\n\n\n\n<p>L\u2019OFAJ ne garantit pas que ses serveurs h\u00e9bergeant le Site, sont exempts de virus et autres composants dangereux. Il appartient donc \u00e0 l\u2019Utilisateur de prendre toutes les mesures appropri\u00e9es pour prot\u00e9ger ses propres donn\u00e9es et\/ou logiciels de la contamination par d\u2019\u00e9ventuels virus circulant sur le r\u00e9seau Internet.<\/p>\n\n\n\n<p>L\u2019Utilisateur accepte le fait que l\u2019OFAJ ne pourra en aucun cas \u00eatre tenu pour responsable des dommages fortuits, mat\u00e9riels et\/ou immat\u00e9riels, directs et\/ou indirects qui pourraient r\u00e9sulter de l\u2019acc\u00e8s ou de l\u2019utilisation du Site, y compris l\u2019inaccessibilit\u00e9, les pertes de donn\u00e9es, d\u00e9t\u00e9riorations, destructions ou virus qui pourrait affecter l\u2019\u00e9quipement informatique de l\u2019Utilisateur, et\/ou de la pr\u00e9sence de virus sur son site.<\/p>\n\n\n\n<p>Les informations publi\u00e9es par l\u2019OFAJ et contenues sur le Site sont non-contractuelles et fournies \u00e0 titre informatif, gratuit, et sans aucune obligation de la part de l\u2019OFAJ qui peut les modifier sans pr\u00e9avis.<\/p>\n\n\n\n<p>L\u2019OFAJ d\u00e9clare formellement qu\u2019au moment d\u2019\u00e9tablir les liens, les pages correspondantes \u00e9taient libres de tout contenu ill\u00e9gal. L\u2019OFAJ n\u2019a pas la moindre influence sur la forme pr\u00e9sente et future des pages li\u00e9es \u00e0 ce site ni sur leur contenu, et il se d\u00e9lie donc formellement par cette d\u00e9claration de tout contenu de toute page li\u00e9e \u00e0 ce site qui aurait \u00e9t\u00e9 modifi\u00e9e apr\u00e8s l\u2019\u00e9tablissement des liens.<\/p>\n\n\n\n<p>Cette d\u00e9claration vaut pour tous les sites de r\u00e9f\u00e9rence et liens ins\u00e9r\u00e9s dans la propre annonce d\u2019Internet, ainsi que pour les insertions de tiers (par exemple dans les rubriques blogs, petites annonces, etc.).<\/p>\n\n\n\n<p>L\u2019unique responsable de contenus ill\u00e9gaux, incorrects ou incomplets quels qu\u2019ils soient, et sp\u00e9cialement des dommages qui \u00e9ventuellement r\u00e9sulteraient de l\u2019utilisation ou non utilisation de l\u2019information ainsi pr\u00e9sent\u00e9e, est l\u2019annonceur de la page indiqu\u00e9e comme site de r\u00e9f\u00e9rence, et non celui qui se limite \u00e0 donner l\u2019indication du lien correspondant \u00e0 la publication en question.<\/p>\n","protected":false},"excerpt":{"rendered":"<p>Mentions l\u00e9gales FranceMobil est propos\u00e9 par l\u2019Office franco-allemand pour la Jeunesse (OFAJ) en \u00e9troite coop\u00e9ration avec l\u2019Ambassade de France\/Institut fran\u00e7ais en Allemagne et avec le soutien de la Robert Bosch Stiftung, Renault Deutschland,&#8230;<\/p>\n","protected":false},"author":3,"featured_media":0,"parent":0,"menu_order":11,"comment_status":"closed","ping_status":"closed","template":"","meta":{"_acf_changed":false,"_kad_blocks_custom_css":"","_kad_blocks_head_custom_js":"","_kad_blocks_body_custom_js":"","_kad_blocks_footer_custom_js":"","_kad_post_transparent":"","_kad_post_title":"","_kad_post_layout":"right","_kad_post_sidebar_id":"","_kad_post_content_style":"","_kad_post_vertical_padding":"","_kad_post_feature":"","_kad_post_feature_position":"","_kad_post_header":false,"_kad_post_footer":false,"_kad_post_classname":"","iawp_total_views":57,"footnotes":"","css_class_manager_body_classes":"","css_class_manager_use_in_post_loop":false},"class_list":["post-2053","page","type-page","status-publish","hentry"],"acf":[],"taxonomy_info":[],"featured_image_src_large":false,"author_info":{"display_name":"francemobil","author_link":"https:\/\/www.francemobil.fr\/fr\/news\/author\/59634224b47fa920\/"},"comment_info":0,"_links":{"self":[{"href":"https:\/\/www.francemobil.fr\/fr\/wp-json\/wp\/v2\/pages\/2053","targetHints":{"allow":["GET"]}}],"collection":[{"href":"https:\/\/www.francemobil.fr\/fr\/wp-json\/wp\/v2\/pages"}],"about":[{"href":"https:\/\/www.francemobil.fr\/fr\/wp-json\/wp\/v2\/types\/page"}],"author":[{"embeddable":true,"href":"https:\/\/www.francemobil.fr\/fr\/wp-json\/wp\/v2\/users\/3"}],"replies":[{"embeddable":true,"href":"https:\/\/www.francemobil.fr\/fr\/wp-json\/wp\/v2\/comments?post=2053"}],"version-history":[{"count":2,"href":"https:\/\/www.francemobil.fr\/fr\/wp-json\/wp\/v2\/pages\/2053\/revisions"}],"predecessor-version":[{"id":2921,"href":"https:\/\/www.francemobil.fr\/fr\/wp-json\/wp\/v2\/pages\/2053\/revisions\/2921"}],"wp:attachment":[{"href":"https:\/\/www.francemobil.fr\/fr\/wp-json\/wp\/v2\/media?parent=2053"}],"curies":[{"name":"wp","href":"https:\/\/api.w.org\/{rel}","templated":true}]}}